{"id":970,"date":"2018-07-14T11:59:36","date_gmt":"2018-07-14T11:59:36","guid":{"rendered":"http:\/\/www.portaldainclusao.org.br\/cms\/?page_id=970"},"modified":"2020-04-20T13:38:01","modified_gmt":"2020-04-20T16:38:01","slug":"trabalho-social","status":"publish","type":"page","link":"https:\/\/www.portaldainclusao.org.br\/cms\/trabalho-social\/","title":{"rendered":"A\u00e7\u00e3o Profissionalizante"},"content":{"rendered":"<p>Somos uma institui\u00e7\u00e3o do Terceiro Setor, cuja Objetivo \u00e9 Promover a Cidadania e o Empreendedorismo Sustent\u00e1vel, assim, colocamos em pr\u00e1tica esse objetivo com a\u00e7\u00f5es de capacita\u00e7\u00e3o e de integra\u00e7\u00e3o das PCDs com a vida corporativa, provendo treinamentos, din\u00e2micas, dentre outras a\u00e7\u00f5es.<\/p>\n<p>Conhe\u00e7a um pouco do nosso trabalho :<\/p>\n<p><iframe loading=\"lazy\" title=\"VID 20180704 WA0099\" width=\"1080\" height=\"608\" src=\"https:\/\/www.youtube.com\/embed\/Rm76-6JNFaw?feature=oembed\"  allow=\"accelerometer; autoplay; clipboard-write; encrypted-media; gyroscope; picture-in-picture; web-share\" referrerpolicy=\"strict-origin-when-cross-origin\" allowfullscreen><\/iframe><\/p>\n\n\n<p><\/p>\n","protected":false},"excerpt":{"rendered":"<p>Somos uma institui\u00e7\u00e3o do Terceiro Setor, cuja Objetivo \u00e9 Promover a Cidadania e o Empreendedorismo Sustent\u00e1vel, assim, colocamos em pr\u00e1tica esse objetivo com a\u00e7\u00f5es de capacita\u00e7\u00e3o e de integra\u00e7\u00e3o das PCDs com a vida corporativa, provendo treinamentos, din\u00e2micas, dentre outras a\u00e7\u00f5es. Conhe\u00e7a um pouco do nosso trabalho :<\/p>\n","protected":false},"author":1,"featured_media":0,"parent":0,"menu_order":0,"comment_status":"closed","ping_status":"closed","template":"","meta":{"_et_pb_use_builder":"","_et_pb_old_content":"","_et_gb_content_width":"","footnotes":""},"class_list":["post-970","page","type-page","status-publish","hentry"],"_links":{"self":[{"href":"https:\/\/www.portaldainclusao.org.br\/cms\/wp-json\/wp\/v2\/pages\/970","targetHints":{"allow":["GET"]}}],"collection":[{"href":"https:\/\/www.portaldainclusao.org.br\/cms\/wp-json\/wp\/v2\/pages"}],"about":[{"href":"https:\/\/www.portaldainclusao.org.br\/cms\/wp-json\/wp\/v2\/types\/page"}],"author":[{"embeddable":true,"href":"https:\/\/www.portaldainclusao.org.br\/cms\/wp-json\/wp\/v2\/users\/1"}],"replies":[{"embeddable":true,"href":"https:\/\/www.portaldainclusao.org.br\/cms\/wp-json\/wp\/v2\/comments?post=970"}],"version-history":[{"count":0,"href":"https:\/\/www.portaldainclusao.org.br\/cms\/wp-json\/wp\/v2\/pages\/970\/revisions"}],"wp:attachment":[{"href":"https:\/\/www.portaldainclusao.org.br\/cms\/wp-json\/wp\/v2\/media?parent=970"}],"curies":[{"name":"wp","href":"https:\/\/api.w.org\/{rel}","templated":true}]}}