{"id":951,"date":"2018-07-13T12:38:20","date_gmt":"2018-07-13T12:38:20","guid":{"rendered":"http:\/\/www.portaldainclusao.org.br\/cms\/?page_id=951"},"modified":"2020-10-29T09:19:36","modified_gmt":"2020-10-29T12:19:36","slug":"dicas-praticas","status":"publish","type":"page","link":"https:\/\/www.portaldainclusao.org.br\/cms\/dicas-praticas\/","title":{"rendered":"Dicas Pr\u00e1ticas"},"content":{"rendered":"<ul>\n<li><strong>VALE TRANSPORTE:<\/strong>\u00a0 BILHETE GRATUITO &#8211; pergunte para cada PCD entrevistado se possui bilhete gratuito. Caso ainda n\u00e3o tenha, solicite para que o mesmo se inscreva no programa. Isso vai permitir racionalizar custos com vale transporte.<\/li>\n<li><strong>NA HORA DA ENTREVISTA<\/strong>:\u00a0Deficientes geralmente n\u00e3o v\u00e3o bem em testes de conhecimentos gerais, matem\u00e1tica e portugues. Acredite, o fator da defici\u00eancia e\u00a0 limita\u00e7\u00e3o, causou-lhes constrangimento durante\u00a0seus estudos. Assim, sofreram. Isto \u00e9 um fato. As Empresas que passam testes o fazem para seguir suas\u00a0normas, por\u00e9m recomendamos que estabele\u00e7am crit\u00e9rios adequados para avalia\u00e7\u00e3o das PCDs.<\/li>\n<li><strong>MINIMIZE O &#8220;TURN OVER&#8221;<\/strong>: Considere que nossos servi\u00e7os de encaminhamento de talentos PCD\u00b4s permitir\u00e3o uma substitui\u00e7\u00e3o p\u00f3s-contrata\u00e7\u00e3o, dentro do per\u00edodo de 45 dias. Desta forma, recomendamos que os Gestores de RH das Empresas sejam mais flex\u00edveis para preencher suas vagas, pois, al\u00e9m de nosso compromisso em repor esse profissional, caso haja desligamento, Sua Empresa poder\u00e1 considerar que o PCD contratado, apesar de n\u00e3o atender aos quesitos de determinada vaga, poder\u00e1 ser reconduzido para outra vaga.<\/li>\n<li><strong>LISTA DE CIDS AUTORIZADOS POR LEI:<\/strong> <a href=\"https:\/\/www.portaldainclusao.org.br\/cms\/tabela-cid-deficientes\/\">Acesse a\u00a0Cartilha de CIDs SPTRANS<\/a>. Essa \u00e9 uma boa ferramenta de consulta, contando com aproximadamente 30 p\u00e1ginas com todos os CIDs e Doen\u00e7as\u00a0 aceitas para concess\u00e3o de Bilhete Gratuito.<\/li>\n<\/ul>\n<p><strong>IMPORTANTE 1:<\/strong>\u00a0Todos os CIDs que est\u00e3o l\u00e1 s\u00e3o aceitos pelo MTE.\u00a0 Imprima e mantenha em local acess\u00edvel. Essa Cartilha \u00e9\u00a0important\u00edssima.<br \/>\n<strong>IMPORTANTE 2:<\/strong>\u00a0 O CID\u00a0 H.54 &#8211; Deficiente Visual Monocular\u00a0 ainda n\u00e3o est\u00e1 l\u00e1 porque n\u00e3o foi atualizado,\u00a0mas s\u00e3o aceitos pela Lei atrav\u00e9s de um decreto do Governador Geraldo Alckmin em\u00a02011.<\/p>\n","protected":false},"excerpt":{"rendered":"<p>VALE TRANSPORTE:\u00a0 BILHETE GRATUITO &#8211; pergunte para cada PCD entrevistado se possui bilhete gratuito. Caso ainda n\u00e3o tenha, solicite para que o mesmo se inscreva no programa. Isso vai permitir racionalizar custos com vale transporte. NA HORA DA ENTREVISTA:\u00a0Deficientes geralmente n\u00e3o v\u00e3o bem em testes de conhecimentos gerais, matem\u00e1tica e portugues. Acredite, o fator da [&hellip;]<\/p>\n","protected":false},"author":1,"featured_media":0,"parent":0,"menu_order":0,"comment_status":"closed","ping_status":"closed","template":"","meta":{"_et_pb_use_builder":"","_et_pb_old_content":"","_et_gb_content_width":"","footnotes":""},"class_list":["post-951","page","type-page","status-publish","hentry"],"_links":{"self":[{"href":"https:\/\/www.portaldainclusao.org.br\/cms\/wp-json\/wp\/v2\/pages\/951","targetHints":{"allow":["GET"]}}],"collection":[{"href":"https:\/\/www.portaldainclusao.org.br\/cms\/wp-json\/wp\/v2\/pages"}],"about":[{"href":"https:\/\/www.portaldainclusao.org.br\/cms\/wp-json\/wp\/v2\/types\/page"}],"author":[{"embeddable":true,"href":"https:\/\/www.portaldainclusao.org.br\/cms\/wp-json\/wp\/v2\/users\/1"}],"replies":[{"embeddable":true,"href":"https:\/\/www.portaldainclusao.org.br\/cms\/wp-json\/wp\/v2\/comments?post=951"}],"version-history":[{"count":0,"href":"https:\/\/www.portaldainclusao.org.br\/cms\/wp-json\/wp\/v2\/pages\/951\/revisions"}],"wp:attachment":[{"href":"https:\/\/www.portaldainclusao.org.br\/cms\/wp-json\/wp\/v2\/media?parent=951"}],"curies":[{"name":"wp","href":"https:\/\/api.w.org\/{rel}","templated":true}]}}