{"id":9,"date":"2017-08-26T14:12:40","date_gmt":"2017-08-26T14:12:40","guid":{"rendered":"http:\/\/www.portaldainclusao.org.br\/cms\/?page_id=9"},"modified":"2021-06-28T14:07:18","modified_gmt":"2021-06-28T17:07:18","slug":"contact","status":"publish","type":"page","link":"https:\/\/www.portaldainclusao.org.br\/cms\/contact\/","title":{"rendered":"Contato"},"content":{"rendered":"\n<div class=\"wp-block-columns is-layout-flex wp-container-core-columns-is-layout-9d6595d7 wp-block-columns-is-layout-flex\">\n<div class=\"wp-block-column is-layout-flow wp-block-column-is-layout-flow\" style=\"flex-basis:33.33%\">\n<figure class=\"wp-block-image size-large\"><img loading=\"lazy\" decoding=\"async\" width=\"1024\" height=\"682\" src=\"http:\/\/www.portaldainclusao.org.br\/cms\/wp-content\/uploads\/2018\/08\/iStock_000016353556Medium-1024x682.jpg\" alt=\"\" class=\"wp-image-1331\"\/><\/figure>\n<\/div>\n\n\n\n<div class=\"wp-block-column is-layout-flow wp-block-column-is-layout-flow\" style=\"flex-basis:66.66%\">\n<h5 class=\"has-luminous-vivid-amber-color has-text-color wp-block-heading\"><strong>Pessoa com Defici\u00eancia:&nbsp;&nbsp;<a href=\"http:\/\/www.portaldainclusao.org.br\/cms\/cadastro-pcd\/\">fa\u00e7a seu cadastro gratuitamente clicando AQUI<\/a><\/strong>&nbsp;<\/h5>\n\n\n\n<p><strong>Supermercadista e Atacarejo<\/strong> &#8211; temos programas espec\u00edficos para indica\u00e7\u00e3o de profissionais capacitados para Sua Empresa &#8211; <a href=\"https:\/\/www.portaldainclusao.org.br\/cms\/supermercadistas\/\">Saiba mais &#8230;<\/a><\/p>\n\n\n\n<p><strong>Empresa de Recoloca\u00e7\u00e3o Profissional<\/strong>, torne-se um parceiro do Portal da Inclus\u00e3o e receba indica\u00e7\u00f5es de profissionais PCDs alinhados com a sua busca. <a href=\"https:\/\/www.portaldainclusao.org.br\/cms\/empresas-de-rh\/\"><strong>Solicite a participa\u00e7\u00e3o aqui.<\/strong><\/a><\/p>\n\n\n\n<p><strong>Empresa Contratante<\/strong> <strong>Direta<\/strong>, fa\u00e7a contato com a gente, seja para esclarecer d\u00favidas ou mesmo para contratar um profissional portador de defici\u00eancia. <strong><a href=\"http:\/\/www.portaldainclusao.org.br\/cms\/solicitacao-de-participacao\/\">Fa\u00e7a seu cadastro aqui<\/a><\/strong>!<\/p>\n<\/div>\n<\/div>\n\n\n\n<hr class=\"wp-block-separator\"\/>\n\n\n\n<p>Informa\u00e7\u00f5es de Contato do Controlador de Dados (LGPD) podem ser acessadas na p\u00e1gina de <a href=\"https:\/\/www.portaldainclusao.org.br\/cms\/declaracao-de-privacidade\/\">Declara\u00e7\u00e3o de Privacidade<\/a>.<\/p>\n\n\n\n<p><\/p>\n","protected":false},"excerpt":{"rendered":"<p>Pessoa com Defici\u00eancia:&nbsp;&nbsp;fa\u00e7a seu cadastro gratuitamente clicando AQUI&nbsp; Supermercadista e Atacarejo &#8211; temos programas espec\u00edficos para indica\u00e7\u00e3o de profissionais capacitados para Sua Empresa &#8211; Saiba mais &#8230; Empresa de Recoloca\u00e7\u00e3o Profissional, torne-se um parceiro do Portal da Inclus\u00e3o e receba indica\u00e7\u00f5es de profissionais PCDs alinhados com a sua busca. Solicite a participa\u00e7\u00e3o aqui. Empresa Contratante [&hellip;]<\/p>\n","protected":false},"author":1,"featured_media":0,"parent":0,"menu_order":0,"comment_status":"closed","ping_status":"closed","template":"","meta":{"_et_pb_use_builder":"","_et_pb_old_content":"","_et_gb_content_width":"","footnotes":""},"class_list":["post-9","page","type-page","status-publish","hentry"],"_links":{"self":[{"href":"https:\/\/www.portaldainclusao.org.br\/cms\/wp-json\/wp\/v2\/pages\/9","targetHints":{"allow":["GET"]}}],"collection":[{"href":"https:\/\/www.portaldainclusao.org.br\/cms\/wp-json\/wp\/v2\/pages"}],"about":[{"href":"https:\/\/www.portaldainclusao.org.br\/cms\/wp-json\/wp\/v2\/types\/page"}],"author":[{"embeddable":true,"href":"https:\/\/www.portaldainclusao.org.br\/cms\/wp-json\/wp\/v2\/users\/1"}],"replies":[{"embeddable":true,"href":"https:\/\/www.portaldainclusao.org.br\/cms\/wp-json\/wp\/v2\/comments?post=9"}],"version-history":[{"count":0,"href":"https:\/\/www.portaldainclusao.org.br\/cms\/wp-json\/wp\/v2\/pages\/9\/revisions"}],"wp:attachment":[{"href":"https:\/\/www.portaldainclusao.org.br\/cms\/wp-json\/wp\/v2\/media?parent=9"}],"curies":[{"name":"wp","href":"https:\/\/api.w.org\/{rel}","templated":true}]}}