{"id":7127,"date":"2019-07-11T09:17:17","date_gmt":"2019-07-11T12:17:17","guid":{"rendered":"http:\/\/www.portaldainclusao.org.br\/cms\/?page_id=7127"},"modified":"2019-07-11T09:20:34","modified_gmt":"2019-07-11T12:20:34","slug":"prefeitura-de-sao-paulo-oferece-600-vagas-de-emprego-para-pessoas-com-deficiencia-na-7a-edicao-do-contrata-sp","status":"publish","type":"page","link":"https:\/\/www.portaldainclusao.org.br\/cms\/prefeitura-de-sao-paulo-oferece-600-vagas-de-emprego-para-pessoas-com-deficiencia-na-7a-edicao-do-contrata-sp\/","title":{"rendered":"Prefeitura de S\u00e3o Paulo oferece 600 vagas de emprego para pessoas com defici\u00eancia na 7\u00aa edi\u00e7\u00e3o do Contrata SP"},"content":{"rendered":"\n<div class=\"wp-block-themeisle-blocks-advanced-columns has-1-columns has-desktop-equal-layout has-tablet-equal-layout has-mobile-equal-layout has-default-gap has-vertical-unset\" id=\"wp-block-themeisle-blocks-advanced-columns-5420dc5e\" style=\"border-width:0px;border-style:solid;border-color:#000000;border-radius:0px;justify-content:unset\"><div class=\"wp-themeisle-block-overlay\" style=\"opacity:0.5;mix-blend-mode:normal\"><\/div><div class=\"innerblocks-wrap\">\n<div class=\"wp-block-themeisle-blocks-advanced-column\" id=\"wp-block-themeisle-blocks-advanced-column-bbd2f1c7\" style=\"border-width:0px;border-style:solid;border-color:#000000;border-radius:0px\">\n<div class=\"wp-block-image\"><figure class=\"aligncenter\"><img loading=\"lazy\" decoding=\"async\" width=\"200\" height=\"102\" src=\"https:\/\/www.portaldainclusao.org.br\/cms\/wp-content\/uploads\/2019\/07\/prefeiturasp.jpg\" alt=\"\" class=\"wp-image-7130\"\/><\/figure><\/div>\n\n\n\n<p><\/p>\n\n\n\n<p><em>50 empresas de v\u00e1rios segmentos participam da a\u00e7\u00e3o que promove a inclus\u00e3o de profissionais com defici\u00eancia e reabilitados do INSS<\/em><\/p>\n\n\n\n<p>A 7\u00aa edi\u00e7\u00e3o do Contrata SP Pessoa com Defici\u00eancia, evento da Prefeitura de S\u00e3o Paulo voltado para a empregabilidade de profissionais com defici\u00eancia e reabilitados do INSS, acontece no pr\u00f3ximo dia 18 de julho, das 9h \u00e0s 17h, na Universidade Mackenzie &#8211; Pr\u00e9dio 30 (Mackgrafe), na Rua da&nbsp; Consola\u00e7\u00e3o, 930&nbsp;(pr\u00f3ximo ao metr\u00f4 Higien\u00f3polis \u2013 Mackenzie). A a\u00e7\u00e3o gratuita, que \u00e9 organizada pela Secretaria Municipal da Pessoa com Defici\u00eancia (SMPED), Secretaria Municipal de Desenvolvimento Econ\u00f4mico e Trabalho (SMDET) e a Subprefeitura da S\u00e9, contar\u00e1 com mais de&nbsp;<strong>600 vagas<\/strong>&nbsp;em diferentes \u00e1reas para quem busca uma recoloca\u00e7\u00e3o profissional.<\/p>\n\n\n\n<p>Cerca de&nbsp;<strong>50 empresas<\/strong>&nbsp;de v\u00e1rios segmentos participam do evento, entre elas Latam, Sebrae, CIEE, Hospital Alem\u00e3o Oswaldo Cruz, Rede Cidad\u00e3, B2W Digital, Via\u00e7\u00e3o Metr\u00f3pole Paulista, Unisys, Paineiras Solu\u00e7\u00f5es Profissionais, Cervejarias Kaiser Brasil.<\/p>\n\n\n\n<p>Para a secret\u00e1ria de Desenvolvimento Econ\u00f4mico e Trabalho, Aline Cardoso, o Contrata SP \u00e9 um evento j\u00e1 consagrado junto \u00e0s pessoas com defici\u00eancia na cidade de S\u00e3o Paulo. \u201cS\u00e3o esfor\u00e7os conjuntos dos \u00f3rg\u00e3os municipais que evoluem a cada edi\u00e7\u00e3o. Seja na organiza\u00e7\u00e3o ou na busca incessante para promover a empregabilidade desses profissionais, o Contrata SP se consolidou como uma importante ferramenta para a recoloca\u00e7\u00e3o profissional\u201d, destaca.<\/p>\n\n\n\n<p>Os interessados devem comparecer com curr\u00edculos e documentos pessoais (RG, CPF, Carteira de Trabalho, laudo ou certificado de reabilita\u00e7\u00e3o profissional). Tamb\u00e9m \u00e9 poss\u00edvel fazer um cadastro pr\u00e9vio para evitar filas no dia pelo site:&nbsp;<a href=\"http:\/\/www.bit.ly\/ContrataSP7candidatos\" target=\"_blank\" rel=\"noreferrer noopener\">www.bit.ly\/ContrataSP7candidatos<\/a>&nbsp;.<\/p>\n\n\n\n<p>Para as empresas que t\u00eam vagas de emprego dispon\u00edveis e desejam contratar profissionais com defici\u00eancia ou reabilitado do INSS, as inscri\u00e7\u00f5es terminam dia 12 de julho e podem ser feitas pelo site&nbsp;<a href=\"http:\/\/www.bit.ly\/ContrataSP7empresas\" target=\"_blank\" rel=\"noreferrer noopener\">www.bit.ly\/ContrataSP7empresas<\/a>&nbsp;.<\/p>\n\n\n\n<p>As a\u00e7\u00f5es nas zonas oeste, leste, sul e centro j\u00e1 receberam mais de 3.600 inscritos, sendo que 400 j\u00e1 foram contratados. Segundo dados do Censo 2010 do IBGE, na cidade de S\u00e3o Paulo vivem quase 2,8 milh\u00f5es de pessoas com defici\u00eancia. Dentre elas, 500 mil fazem parte da popula\u00e7\u00e3o economicamente ativa e apenas 42,8 mil est\u00e3o empregadas com contrato formal.<\/p>\n\n\n\n<p>Com o intuito de aumentar este n\u00famero, foi sancionada em 1991 a Lei de Cotas (Lei Federal n\u00ba 8.213). A legisla\u00e7\u00e3o exige que as empresas com mais de 100 funcion\u00e1rios destinem de 2% a 5% dos postos de trabalho para pessoas com defici\u00eancia, por\u00e9m, esse percentual nem sempre \u00e9 cumprido.<\/p>\n\n\n\n<p>\u201cAinda temos muito a evoluir na pr\u00e1tica para tornar essa pol\u00edtica afirmativa ainda mais efetiva. Hoje, a legisla\u00e7\u00e3o \u00e9 cumprida por apenas 50% das empresas sujeitas a ela. Os motivos s\u00e3o, principalmente, o preconceito e a falta de informa\u00e7\u00e3o, ainda latentes em empres\u00e1rios, executivos e, sobretudo, gestores de RH, que enxergam defici\u00eancia como incapacidade\u201d, afirma Cid Torquato, Secret\u00e1rio Municipal da Pessoa com Defici\u00eancia.<\/p>\n\n\n\n<p>O profissional com defici\u00eancia que n\u00e3o tiver a carteira de trabalho n\u00e3o precisa se preocupar. O CATe tamb\u00e9m realizar\u00e1 no evento a emiss\u00e3o da carteira de trabalho na primeira ou segunda via para pessoas a partir de 14 anos de idade. Para a emiss\u00e3o do documento a pessoa precisa levar RG, certid\u00e3o de nascimento ou de casamento original e uma foto recente 3&#215;4. No caso de segunda via tamb\u00e9m dever\u00e1 levar a carteira anterior ou qualquer documento que contenha o n\u00famero e a s\u00e9rie da carteira de trabalho antiga.<\/p>\n\n\n\n<p>O Contrata SP oferecer\u00e1 tamb\u00e9m servi\u00e7os que v\u00e3o ajudar e orientar o trabalhador, entre eles:<\/p>\n\n\n\n<p>\u2022 Orienta\u00e7\u00e3o sobre benef\u00edcios previdenci\u00e1rios (INSS).<\/p>\n\n\n\n<p>\u2022 Orienta\u00e7\u00e3o sobre&nbsp;elabora\u00e7\u00e3o e cadastro&nbsp;de curr\u00edculos (CATHO).<\/p>\n\n\n\n<p>\u2022 Inscri\u00e7\u00e3o para vagas de est\u00e1gio, dispon\u00edveis na Prefeitura de S\u00e3o Paulo (CIEE).<\/p>\n\n\n\n<p>\u2022 Orienta\u00e7\u00e3o sobre Direitos e Deveres da popula\u00e7\u00e3o com defici\u00eancia (CMPD).<\/p>\n\n\n\n<p>\u2022 Orienta\u00e7\u00e3o sobre os servi\u00e7os da Secretaria Municipal da Pessoa com Defici\u00eancia \u2013 SMPED.<\/p>\n\n\n\n<p>&nbsp;\u2022 Orienta\u00e7\u00e3o sobre Direitos trabalhistas (MPT).<\/p>\n\n\n\n<p>\u2022 Orienta\u00e7\u00e3o sobre servi\u00e7os oferecidos pelos sindicatos dos trabalhadores e empregadores.<\/p>\n\n\n\n<p><strong>Servi\u00e7o:<\/strong>&nbsp;Contrata SP 7\u00aa Edi\u00e7\u00e3o<\/p>\n\n\n\n<p><br><strong>Local:<\/strong>&nbsp;Universidade Mackenzie &#8211; Pr\u00e9dio 30 (Mackgrafe)<\/p>\n\n\n\n<p><strong>Endere\u00e7o:<\/strong>&nbsp;Rua da&nbsp; Consola\u00e7\u00e3o, 930 (pr\u00f3ximo ao metr\u00f4 Higien\u00f3polis \u2013 Mackenzie)<\/p>\n\n\n\n<p><strong>Hor\u00e1rio:<\/strong>&nbsp; 9h \u00e0s 17h<br><strong>Inscri\u00e7\u00f5es candidatos:&nbsp;<\/strong><a href=\"http:\/\/www.bit.ly\/ContrataSP7candidatos\" target=\"_blank\" rel=\"noreferrer noopener\">www.bit.ly\/ContrataSP7candidatos<\/a><\/p>\n\n\n\n<p><strong>Inscri\u00e7\u00f5es Empresas:&nbsp;<\/strong><a href=\"http:\/\/www.bit.ly\/ContrataSP7empresas\" target=\"_blank\" rel=\"noreferrer noopener\">www.bit.ly\/ContrataSP7empresas<\/a><\/p>\n\n\n\n<p><strong>Mais informa\u00e7\u00f5es:<\/strong>&nbsp; (11) 5667-5580 ou&nbsp; (11) 99973-8710<\/p>\n\n\n\n<figure class=\"wp-block-image\"><img decoding=\"async\" src=\"https:\/\/mail.google.com\/mail\/u\/0?ui=2&amp;ik=dc8dbff7a6&amp;attid=0.2&amp;permmsgid=msg-f:1638708086151367772&amp;th=16bddc52759ccc5c&amp;view=fimg&amp;sz=s0-l75-ft&amp;attbid=ANGjdJ8YRTE4rYUQMUG6IlfbqgO9rfiIPhhsrMkvXyyVywAg0Du8pqoxQm23JuAZV0yiutuY27fEcH_1DpDVdvb-0VnEcYHmBAV83XD_rV3inMfYS0GxKCnPAkJkoAQ&amp;disp=emb\" alt=\"\"\/><\/figure>\n<\/div>\n<\/div><\/div>\n","protected":false},"excerpt":{"rendered":"","protected":false},"author":2,"featured_media":0,"parent":0,"menu_order":0,"comment_status":"closed","ping_status":"closed","template":"","meta":{"_et_pb_use_builder":"","_et_pb_old_content":"","_et_gb_content_width":"","footnotes":""},"class_list":["post-7127","page","type-page","status-publish","hentry"],"_links":{"self":[{"href":"https:\/\/www.portaldainclusao.org.br\/cms\/wp-json\/wp\/v2\/pages\/7127","targetHints":{"allow":["GET"]}}],"collection":[{"href":"https:\/\/www.portaldainclusao.org.br\/cms\/wp-json\/wp\/v2\/pages"}],"about":[{"href":"https:\/\/www.portaldainclusao.org.br\/cms\/wp-json\/wp\/v2\/types\/page"}],"author":[{"embeddable":true,"href":"https:\/\/www.portaldainclusao.org.br\/cms\/wp-json\/wp\/v2\/users\/2"}],"replies":[{"embeddable":true,"href":"https:\/\/www.portaldainclusao.org.br\/cms\/wp-json\/wp\/v2\/comments?post=7127"}],"version-history":[{"count":0,"href":"https:\/\/www.portaldainclusao.org.br\/cms\/wp-json\/wp\/v2\/pages\/7127\/revisions"}],"wp:attachment":[{"href":"https:\/\/www.portaldainclusao.org.br\/cms\/wp-json\/wp\/v2\/media?parent=7127"}],"curies":[{"name":"wp","href":"https:\/\/api.w.org\/{rel}","templated":true}]}}