{"id":4134,"date":"2018-12-14T16:29:07","date_gmt":"2018-12-14T18:29:07","guid":{"rendered":"http:\/\/www.portaldainclusao.org.br\/cms\/?page_id=4134"},"modified":"2021-05-12T15:49:36","modified_gmt":"2021-05-12T18:49:36","slug":"campanha-beneficente","status":"publish","type":"page","link":"https:\/\/www.portaldainclusao.org.br\/cms\/campanha-beneficente\/","title":{"rendered":"Campanha Beneficente"},"content":{"rendered":"\n<h2 class=\"has-text-align-left wp-block-heading\">Entrega de Cestas B\u00e1sicas<\/h2>\n\n\n\n<div class=\"wp-block-columns is-layout-flex wp-container-core-columns-is-layout-9d6595d7 wp-block-columns-is-layout-flex\">\n<div class=\"wp-block-column is-layout-flow wp-block-column-is-layout-flow\" style=\"flex-basis:30%\">\n<div class=\"wp-block-image\"><figure class=\"alignleft size-large\"><a href=\"#sabermais\"><img loading=\"lazy\" decoding=\"async\" width=\"200\" height=\"55\" src=\"https:\/\/www.portaldainclusao.org.br\/cms\/wp-content\/uploads\/2020\/04\/quero_saber_mais.jpg\" alt=\"\" class=\"wp-image-11179\"\/><\/a><\/figure><\/div>\n<\/div>\n\n\n\n<div class=\"wp-block-column is-layout-flow wp-block-column-is-layout-flow\">\n<div class=\"wp-block-image\"><figure class=\"alignleft size-large\"><a href=\"#doaragora\"><img loading=\"lazy\" decoding=\"async\" width=\"200\" height=\"55\" src=\"https:\/\/www.portaldainclusao.org.br\/cms\/wp-content\/uploads\/2020\/04\/doar_agora.jpg\" alt=\"\" class=\"wp-image-11180\"\/><\/a><\/figure><\/div>\n<\/div>\n<\/div>\n\n\n\n<h4 class=\"has-luminous-vivid-orange-color has-text-color wp-block-heading\" id=\"sabermais\">Campanha de entrega de cestas b\u00e1sicas para Fam\u00edlias de Pessoas com Defici\u00eancias<\/h4>\n\n\n\n<p>A fim de <strong>auxiliar as Fam\u00edlias de Pessoas com Defici\u00eancias<\/strong> as quais ainda n\u00e3o conseguiram seu digno emprego (pois <strong>auxiliar a conquistar o digno emprego \u00e9 a Nossa Miss\u00e3o<\/strong>), estamos promovendo uma campanha permanente para arrecada\u00e7\u00e3o fundos para aquisi\u00e7\u00e3o de cestas b\u00e1sicas.<\/p>\n\n\n\n<h4 class=\"wp-block-heading\"><strong>Conhe\u00e7a a Campanha assistindo o v\u00eddeo abaixo:<\/strong><\/h4>\n\n\n\n<iframe loading=\"lazy\" width=\"560\" height=\"315\" src=\"https:\/\/www.youtube.com\/embed\/xk8prfo4Juw\" frameborder=\"0\" allow=\"accelerometer; autoplay; encrypted-media; gyroscope; picture-in-picture\" allowfullscreen=\"\"><\/iframe>\n\n\n<p>S\u00e3o muitas as <a href=\"https:\/\/www.portaldainclusao.org.br\/cms\/acao-social-beneficente\/\" target=\"_blank\" rel=\"noopener noreferrer\"><strong>fam\u00edlias<\/strong> de nossos assistidos que est\u00e3o <strong>passando fome<\/strong><\/a>, especialmente <strong>nesse per\u00edodo de quarentena COVID19<\/strong>.<\/p>\n<h4>Qual a nossa a\u00e7\u00e3o?<\/h4>\n<p>1. Realizamos o <strong>cadastramento das fam\u00edlias solicitantes<\/strong>, atrav\u00e9s de crit\u00e9rio similar ao estabelecido pelo governo para fornecimento de programas sociais.<\/p>\n<p>2. Realizamos <strong>visitas presenciais para entrega<\/strong> mensal da cesta b\u00e1sica.<\/p>\n<p>Essa \u00e9 uma ocasi\u00e3o especial a qual aproveitamos para promover aconselhamento familiar e profissional (coaching), al\u00e9m de estimular a <strong>Esperan\u00e7a e a Espiritualidade,<\/strong> em busca da dignidade.<\/p>\n<h3 style=\"text-align: center;\"><span style=\"color: #ff9900;\"><strong>Quer doar?<\/strong><\/span><\/h3>\n\n\n<div class=\"wp-block-columns is-layout-flex wp-container-core-columns-is-layout-9d6595d7 wp-block-columns-is-layout-flex\">\n<div class=\"wp-block-column is-layout-flow wp-block-column-is-layout-flow\" style=\"flex-basis:60%\">\n<h5 class=\"has-vivid-cyan-blue-color has-text-color wp-block-heading\" id=\"doaragora\"><strong>Clique a seguir e escolha quantas fam\u00edlias quer beneficiar com a doa\u00e7\u00e3o das cestas b\u00e1sicas!<\/strong><\/h5>\n\n\n\n<p><\/p>\n<\/div>\n\n\n\n<div class=\"wp-block-column is-layout-flow wp-block-column-is-layout-flow\" style=\"flex-basis:33.33%\">\n<div style=\"height:18px\" aria-hidden=\"true\" class=\"wp-block-spacer\"><\/div>\n\n\n\n<!-- INICIO DO BOTAO PAGSEGURO --><a href=\"https:\/\/pag.ae\/7X8wfSqM1\/button\" target=\"_blank\" title=\"Pagar com PagSeguro\" rel=\"noopener\"><img decoding=\"async\" src=\"\/\/assets.pagseguro.com.br\/ps-integration-assets\/botoes\/pagamentos\/205x30-pagar.gif\" alt=\"Pague com PagSeguro - \u00e9 r\u00e1pido, gr\u00e1tis e seguro!\" \/><\/a><!-- FIM DO BOTAO PAGSEGURO -->\n\n\n\n<p><\/p>\n<\/div>\n<\/div>\n\n\n\n<p>Caso deseje conversar conosco a respeito da participa\u00e7\u00e3o do programa Empresa Parceira Natus, mande seu email para <a href=\"mailto:contato@portaldainclusao.org.br\">contato@portaldainclusao.org.br<\/a><\/p>\n","protected":false},"excerpt":{"rendered":"<p>Entrega de Cestas B\u00e1sicas Campanha de entrega de cestas b\u00e1sicas para Fam\u00edlias de Pessoas com Defici\u00eancias A fim de auxiliar as Fam\u00edlias de Pessoas com Defici\u00eancias as quais ainda n\u00e3o conseguiram seu digno emprego (pois auxiliar a conquistar o digno emprego \u00e9 a Nossa Miss\u00e3o), estamos promovendo uma campanha permanente para arrecada\u00e7\u00e3o fundos para aquisi\u00e7\u00e3o [&hellip;]<\/p>\n","protected":false},"author":2,"featured_media":0,"parent":0,"menu_order":0,"comment_status":"closed","ping_status":"closed","template":"","meta":{"_et_pb_use_builder":"","_et_pb_old_content":"","_et_gb_content_width":"","footnotes":""},"class_list":["post-4134","page","type-page","status-publish","hentry"],"_links":{"self":[{"href":"https:\/\/www.portaldainclusao.org.br\/cms\/wp-json\/wp\/v2\/pages\/4134","targetHints":{"allow":["GET"]}}],"collection":[{"href":"https:\/\/www.portaldainclusao.org.br\/cms\/wp-json\/wp\/v2\/pages"}],"about":[{"href":"https:\/\/www.portaldainclusao.org.br\/cms\/wp-json\/wp\/v2\/types\/page"}],"author":[{"embeddable":true,"href":"https:\/\/www.portaldainclusao.org.br\/cms\/wp-json\/wp\/v2\/users\/2"}],"replies":[{"embeddable":true,"href":"https:\/\/www.portaldainclusao.org.br\/cms\/wp-json\/wp\/v2\/comments?post=4134"}],"version-history":[{"count":0,"href":"https:\/\/www.portaldainclusao.org.br\/cms\/wp-json\/wp\/v2\/pages\/4134\/revisions"}],"wp:attachment":[{"href":"https:\/\/www.portaldainclusao.org.br\/cms\/wp-json\/wp\/v2\/media?parent=4134"}],"curies":[{"name":"wp","href":"https:\/\/api.w.org\/{rel}","templated":true}]}}