{"id":407,"date":"2017-10-04T22:49:39","date_gmt":"2017-10-04T22:49:39","guid":{"rendered":"http:\/\/www.portaldainclusao.org.br\/cms\/?page_id=407"},"modified":"2021-06-15T10:08:14","modified_gmt":"2021-06-15T13:08:14","slug":"metodologia-3","status":"publish","type":"page","link":"https:\/\/www.portaldainclusao.org.br\/cms\/metodologia-3\/","title":{"rendered":"Metodologia"},"content":{"rendered":"<p>Atualmente as empresas com mais de 100 funcion\u00e1rios precisam atender \u00e0 Lei Federal de Cotas 8213\/91, a qual determina que o quadro funcional seja composto por, no m\u00ednimo 3% (tres por cento) de Pessoas com Defici\u00eancia &#8211; PcD.<\/p>\n<p>Entretanto, afim de atender \u00e0 Lei 8213\/91, n\u00e3o basta contratar a Pessoa com Defici\u00eancia, pois existem procedimentos que devem ser seguidos:<\/p>\n<ol>\n<li>Observar o C\u00f3digo CID da Defici\u00eancia do portador; Veja a <a href=\"https:\/\/www.portaldainclusao.org.br\/Anexo_I_Tabela_de_CID.pdf\" target=\"_blank\" rel=\"noopener\">tabela CID<\/a> proposta pela Empresa de Transportes Urbanos SPTrans;<\/li>\n<li>Observar se o tipo de defici\u00eancia \u00e9 compat\u00edvel com o cargo oferecido \u00e0 contrata\u00e7\u00e3o;<\/li>\n<li>Capacitar a Pessoa com Defici\u00eancia;<\/li>\n<li>Realizar bom processo de integra\u00e7\u00e3o da Pessoa com Defici\u00eancia;<\/li>\n<\/ol>\n<p>Desta forma, o Instituto Natus, na sua Unidade de Responsabilidade Social est\u00e1 preparada para atender em todas as etapas do processo.<\/p>\n<p>Ainda tem d\u00favidas?<\/p>\n<p>_ <a href=\"http:\/\/www.portaldainclusao.org.br\/cms\/contact\/\">Fale com a Gente<\/a>, teremos imenso prazer em orient\u00e1-lo, seja voc\u00ea um Empregador ou mesmo Uma Pessoa em busca de oportunidade profissional.<\/p>\n","protected":false},"excerpt":{"rendered":"<p>Atualmente as empresas com mais de 100 funcion\u00e1rios precisam atender \u00e0 Lei Federal de Cotas 8213\/91, a qual determina que o quadro funcional seja composto por, no m\u00ednimo 3% (tres por cento) de Pessoas com Defici\u00eancia &#8211; PcD. Entretanto, afim de atender \u00e0 Lei 8213\/91, n\u00e3o basta contratar a Pessoa com Defici\u00eancia, pois existem procedimentos [&hellip;]<\/p>\n","protected":false},"author":1,"featured_media":0,"parent":0,"menu_order":0,"comment_status":"closed","ping_status":"closed","template":"","meta":{"_et_pb_use_builder":"","_et_pb_old_content":"","_et_gb_content_width":"","footnotes":""},"class_list":["post-407","page","type-page","status-publish","hentry"],"_links":{"self":[{"href":"https:\/\/www.portaldainclusao.org.br\/cms\/wp-json\/wp\/v2\/pages\/407","targetHints":{"allow":["GET"]}}],"collection":[{"href":"https:\/\/www.portaldainclusao.org.br\/cms\/wp-json\/wp\/v2\/pages"}],"about":[{"href":"https:\/\/www.portaldainclusao.org.br\/cms\/wp-json\/wp\/v2\/types\/page"}],"author":[{"embeddable":true,"href":"https:\/\/www.portaldainclusao.org.br\/cms\/wp-json\/wp\/v2\/users\/1"}],"replies":[{"embeddable":true,"href":"https:\/\/www.portaldainclusao.org.br\/cms\/wp-json\/wp\/v2\/comments?post=407"}],"version-history":[{"count":0,"href":"https:\/\/www.portaldainclusao.org.br\/cms\/wp-json\/wp\/v2\/pages\/407\/revisions"}],"wp:attachment":[{"href":"https:\/\/www.portaldainclusao.org.br\/cms\/wp-json\/wp\/v2\/media?parent=407"}],"curies":[{"name":"wp","href":"https:\/\/api.w.org\/{rel}","templated":true}]}}