{"id":17319,"date":"2021-05-15T18:14:26","date_gmt":"2021-05-15T21:14:26","guid":{"rendered":"https:\/\/www.portaldainclusao.org.br\/cms\/?page_id=17319"},"modified":"2021-05-15T18:14:28","modified_gmt":"2021-05-15T21:14:28","slug":"dia-internacional-da-pessoa-com-deficiencia","status":"publish","type":"page","link":"https:\/\/www.portaldainclusao.org.br\/cms\/dia-internacional-da-pessoa-com-deficiencia\/","title":{"rendered":"Dia Internacional da Pessoa com Defici\u00eancia"},"content":{"rendered":"\n<p>Origem: Esta data foi criada atrav\u00e9s de uma Assembleia Geral das Na\u00e7\u00f5es Unidas \u2013 ONU, em 14 de outubro de 1992.Na mesma data escolhida pela ONU para celebrar o Dia Internacional da Pessoa com Defici\u00eancia, tamb\u00e9m se comemora o Dia do Programa de A\u00e7\u00e3o Mundial para as Pessoas com Defici\u00eancia \u2013 criado em 1982.<\/p>\n\n\n\n<p>De acordo com dados da Organiza\u00e7\u00e3o das Na\u00e7\u00f5es Unidas, aproximadamente 10% da popula\u00e7\u00e3o mundial tem alguma defici\u00eancia. A principal ideia desta data \u00e9 refletir (e p\u00f4r em pr\u00e1tica) os melhores m\u00e9todos para garantir uma boa qualidade de vida e dignidade para todas as pessoas que sofrem com algum tipo de defici\u00eancia. O Decreto Lei n\u00ba 3.298, de 20 de dezembro de 1999, define a defici\u00eancia humana como \u201ctoda perda ou anormalidade de uma estrutura ou fun\u00e7\u00e3o psicol\u00f3gica, fisiol\u00f3gica ou anat\u00f4mica que gere incapacidade para o desempenho de atividade, dentro do padr\u00e3o considerado normal para o ser humano\u201d.<\/p>\n\n\n\n<div class=\"wp-block-themeisle-blocks-advanced-columns has-undefined-columns has-desktop-undefined-layout has-tablet-equal-layout has-mobile-equal-layout has-default-gap has-vertical-unset\" id=\"wp-block-themeisle-blocks-advanced-columns-c3c301d9\"><div class=\"wp-block-themeisle-blocks-advanced-columns-overlay\"><\/div><div class=\"innerblocks-wrap\"><\/div><\/div>\n","protected":false},"excerpt":{"rendered":"<p>Origem: Esta data foi criada atrav\u00e9s de uma Assembleia Geral das Na\u00e7\u00f5es Unidas \u2013 ONU, em 14 de outubro de 1992.Na mesma data escolhida pela ONU para celebrar o Dia Internacional da Pessoa com Defici\u00eancia, tamb\u00e9m se comemora o Dia do Programa de A\u00e7\u00e3o Mundial para as Pessoas com Defici\u00eancia \u2013 criado em 1982. De [&hellip;]<\/p>\n","protected":false},"author":3,"featured_media":0,"parent":0,"menu_order":0,"comment_status":"closed","ping_status":"closed","template":"","meta":{"_et_pb_use_builder":"","_et_pb_old_content":"","_et_gb_content_width":"","footnotes":""},"class_list":["post-17319","page","type-page","status-publish","hentry"],"_links":{"self":[{"href":"https:\/\/www.portaldainclusao.org.br\/cms\/wp-json\/wp\/v2\/pages\/17319","targetHints":{"allow":["GET"]}}],"collection":[{"href":"https:\/\/www.portaldainclusao.org.br\/cms\/wp-json\/wp\/v2\/pages"}],"about":[{"href":"https:\/\/www.portaldainclusao.org.br\/cms\/wp-json\/wp\/v2\/types\/page"}],"author":[{"embeddable":true,"href":"https:\/\/www.portaldainclusao.org.br\/cms\/wp-json\/wp\/v2\/users\/3"}],"replies":[{"embeddable":true,"href":"https:\/\/www.portaldainclusao.org.br\/cms\/wp-json\/wp\/v2\/comments?post=17319"}],"version-history":[{"count":0,"href":"https:\/\/www.portaldainclusao.org.br\/cms\/wp-json\/wp\/v2\/pages\/17319\/revisions"}],"wp:attachment":[{"href":"https:\/\/www.portaldainclusao.org.br\/cms\/wp-json\/wp\/v2\/media?parent=17319"}],"curies":[{"name":"wp","href":"https:\/\/api.w.org\/{rel}","templated":true}]}}