{"id":17108,"date":"2021-05-12T13:33:02","date_gmt":"2021-05-12T16:33:02","guid":{"rendered":"http:\/\/www.portaldainclusao.org.br\/cms\/?page_id=17108"},"modified":"2023-03-30T15:27:32","modified_gmt":"2023-03-30T18:27:32","slug":"empresa-contratante","status":"publish","type":"page","link":"https:\/\/www.portaldainclusao.org.br\/cms\/empresa-contratante\/","title":{"rendered":"Empresa Contratante"},"content":{"rendered":"\n<p>Somos uma Institui\u00e7\u00e3o do Terceiro Setor &#8211; sem fins lucrativos.<\/p>\n\n\n\n<p>Atuamos em <strong>consultoria nas \u00e1reas de inclus\u00e3o e responsabilidade social<\/strong>. Realizamos projetos como a inclus\u00e3o de pessoas com defici\u00eancia no mercado de trabalho &#8211; <strong>Programa de Inclus\u00e3o Profissional<\/strong>.<\/p>\n\n\n\n<p><strong>Ministramos cursos, palestras e treinamento,<\/strong> abordando temas ligados \u00e0 diversidade, ao atendimento a pessoa com defici\u00eancia, lei de cotas, \u00e0 responsabilidade social, realiza cursos de Libras (L\u00edngua Brasileira de Sinais) para empresas, \u00f3rg\u00e3os p\u00fablicos, privados, associa\u00e7\u00f5es, dentre outros. Oferece tamb\u00e9m o servi\u00e7o de interprete profissional.<\/p>\n\n\n\n<h3 class=\"wp-block-heading\"><strong>Servi\u00e7os oferecidos:<\/strong><\/h3>\n\n\n\n<ol class=\"wp-block-list\">\n<li><a href=\"https:\/\/www.portaldainclusao.org.br\/cms\/vagas-a-preencher\/\">Divulgue GRATUITAMENTE vagas<\/a> de emprego para pessoas com defici\u00eancia;<\/li>\n\n\n\n<li><a href=\"https:\/\/www.portaldainclusao.org.br\/cms\/suporte-a-fiscalizacao\/\">Suporte \u00e0 fiscaliza\u00e7\u00e3o<\/a> &#8211; com triagem de documentos e acompanhamento presencial no dia da fiscaliza\u00e7\u00e3o no MTE;<\/li>\n\n\n\n<li>Consultoria na elabora\u00e7\u00e3o do <a href=\"https:\/\/www.portaldainclusao.org.br\/cms\/plano-contratar-ja\/\">Programa de Inclus\u00e3o Profissional<\/a> de Pessoas com Defici\u00eancia;<\/li>\n\n\n\n<li><a href=\"https:\/\/www.portaldainclusao.org.br\/cms\/servicos\/curso-de-libras\/\">Cursos de Libras<\/a>;<\/li>\n\n\n\n<li><a href=\"https:\/\/www.portaldainclusao.org.br\/cms\/servicos\/interprete-libras\/\">Int\u00e9rprete de Libras<\/a> para eventos;<\/li>\n\n\n\n<li><a href=\"https:\/\/www.portaldainclusao.org.br\/cms\/servicos\/palestras-de-sensibilizacao\/\">Palestras de Integra\u00e7\u00e3o<\/a> com Lideran\u00e7as e Colegas de Trabalho;<\/li>\n\n\n\n<li>Caso necessite de ajuda para localizar Talentos PCDs em sua regi\u00e3o de atua\u00e7\u00e3o, <a href=\"https:\/\/www.portaldainclusao.org.br\/cms\/contact\/\">fale conosco<\/a>!<\/li>\n<\/ol>\n\n\n\n<div class=\"wp-block-themeisle-blocks-advanced-columns has-undefined-columns has-desktop-undefined-layout has-tablet-equal-layout has-mobile-equal-layout has-default-gap has-vertical-unset\" id=\"wp-block-themeisle-blocks-advanced-columns-2fec2216\"><div class=\"wp-block-themeisle-blocks-advanced-columns-overlay\"><\/div><div class=\"innerblocks-wrap\"><\/div><\/div>\n","protected":false},"excerpt":{"rendered":"<p>Somos uma Institui\u00e7\u00e3o do Terceiro Setor &#8211; sem fins lucrativos. Atuamos em consultoria nas \u00e1reas de inclus\u00e3o e responsabilidade social. Realizamos projetos como a inclus\u00e3o de pessoas com defici\u00eancia no mercado de trabalho &#8211; Programa de Inclus\u00e3o Profissional. Ministramos cursos, palestras e treinamento, abordando temas ligados \u00e0 diversidade, ao atendimento a pessoa com defici\u00eancia, lei [&hellip;]<\/p>\n","protected":false},"author":3,"featured_media":0,"parent":0,"menu_order":0,"comment_status":"closed","ping_status":"closed","template":"","meta":{"_et_pb_use_builder":"","_et_pb_old_content":"","_et_gb_content_width":"","footnotes":""},"class_list":["post-17108","page","type-page","status-publish","hentry"],"_links":{"self":[{"href":"https:\/\/www.portaldainclusao.org.br\/cms\/wp-json\/wp\/v2\/pages\/17108","targetHints":{"allow":["GET"]}}],"collection":[{"href":"https:\/\/www.portaldainclusao.org.br\/cms\/wp-json\/wp\/v2\/pages"}],"about":[{"href":"https:\/\/www.portaldainclusao.org.br\/cms\/wp-json\/wp\/v2\/types\/page"}],"author":[{"embeddable":true,"href":"https:\/\/www.portaldainclusao.org.br\/cms\/wp-json\/wp\/v2\/users\/3"}],"replies":[{"embeddable":true,"href":"https:\/\/www.portaldainclusao.org.br\/cms\/wp-json\/wp\/v2\/comments?post=17108"}],"version-history":[{"count":3,"href":"https:\/\/www.portaldainclusao.org.br\/cms\/wp-json\/wp\/v2\/pages\/17108\/revisions"}],"predecessor-version":[{"id":23912,"href":"https:\/\/www.portaldainclusao.org.br\/cms\/wp-json\/wp\/v2\/pages\/17108\/revisions\/23912"}],"wp:attachment":[{"href":"https:\/\/www.portaldainclusao.org.br\/cms\/wp-json\/wp\/v2\/media?parent=17108"}],"curies":[{"name":"wp","href":"https:\/\/api.w.org\/{rel}","templated":true}]}}