{"id":16907,"date":"2021-05-05T11:32:33","date_gmt":"2021-05-05T14:32:33","guid":{"rendered":"http:\/\/www.portaldainclusao.org.br\/cms\/?page_id=16907"},"modified":"2021-05-05T11:32:37","modified_gmt":"2021-05-05T14:32:37","slug":"suporte-a-fiscalizacao","status":"publish","type":"page","link":"https:\/\/www.portaldainclusao.org.br\/cms\/suporte-a-fiscalizacao\/","title":{"rendered":"Suporte \u00e0 Fiscaliza\u00e7\u00e3o"},"content":{"rendered":"\n<p>Sua Empresa est\u00e1 em fiscaliza\u00e7\u00e3o?<\/p>\n\n\n\n<p>_ Fica tranquilo, oferecemos todo o suporte para atender a essa solicita\u00e7\u00e3o:<\/p>\n\n\n\n<ol class=\"wp-block-list\"><li>Orienta\u00e7\u00e3o ao representante de RH;<\/li><li>Triagem de documentos;<\/li><li>Cria\u00e7\u00e3o de um Programa de Inclus\u00e3o Profissional realiz\u00e1vel;<\/li><li>Realiza\u00e7\u00e3o de simula\u00e7\u00e3o na condu\u00e7\u00e3o das atividades perante ao agente fiscalizador;<\/li><\/ol>\n\n\n\n<p>Caso a Empresa deseje, podemos tamb\u00e9m participar presencialmente no dia da fiscaliza\u00e7\u00e3o, oferecendo total suporte ao RH da sua Empresa para que o programa de inclus\u00e3o seja aceito pelo agente fiscalizador, evitando-se transtorno com multas e demais penalzia\u00e7\u00f5es.<\/p>\n\n\n\n<p><a href=\"https:\/\/www.portaldainclusao.org.br\/cms\/contact\/\">Fale Conosco Agora!<\/a><\/p>\n","protected":false},"excerpt":{"rendered":"<p>Sua Empresa est\u00e1 em fiscaliza\u00e7\u00e3o? _ Fica tranquilo, oferecemos todo o suporte para atender a essa solicita\u00e7\u00e3o: Orienta\u00e7\u00e3o ao representante de RH; Triagem de documentos; Cria\u00e7\u00e3o de um Programa de Inclus\u00e3o Profissional realiz\u00e1vel; Realiza\u00e7\u00e3o de simula\u00e7\u00e3o na condu\u00e7\u00e3o das atividades perante ao agente fiscalizador; Caso a Empresa deseje, podemos tamb\u00e9m participar presencialmente no dia da [&hellip;]<\/p>\n","protected":false},"author":3,"featured_media":0,"parent":0,"menu_order":0,"comment_status":"closed","ping_status":"closed","template":"","meta":{"_et_pb_use_builder":"","_et_pb_old_content":"","_et_gb_content_width":"","footnotes":""},"class_list":["post-16907","page","type-page","status-publish","hentry"],"_links":{"self":[{"href":"https:\/\/www.portaldainclusao.org.br\/cms\/wp-json\/wp\/v2\/pages\/16907","targetHints":{"allow":["GET"]}}],"collection":[{"href":"https:\/\/www.portaldainclusao.org.br\/cms\/wp-json\/wp\/v2\/pages"}],"about":[{"href":"https:\/\/www.portaldainclusao.org.br\/cms\/wp-json\/wp\/v2\/types\/page"}],"author":[{"embeddable":true,"href":"https:\/\/www.portaldainclusao.org.br\/cms\/wp-json\/wp\/v2\/users\/3"}],"replies":[{"embeddable":true,"href":"https:\/\/www.portaldainclusao.org.br\/cms\/wp-json\/wp\/v2\/comments?post=16907"}],"version-history":[{"count":0,"href":"https:\/\/www.portaldainclusao.org.br\/cms\/wp-json\/wp\/v2\/pages\/16907\/revisions"}],"wp:attachment":[{"href":"https:\/\/www.portaldainclusao.org.br\/cms\/wp-json\/wp\/v2\/media?parent=16907"}],"curies":[{"name":"wp","href":"https:\/\/api.w.org\/{rel}","templated":true}]}}