{"id":159,"date":"2017-09-11T14:37:47","date_gmt":"2017-09-11T14:37:47","guid":{"rendered":"http:\/\/www.portaldainclusao.org.br\/cms\/?page_id=159"},"modified":"2021-05-11T13:04:18","modified_gmt":"2021-05-11T16:04:18","slug":"plano-contratar-ja","status":"publish","type":"page","link":"https:\/\/www.portaldainclusao.org.br\/cms\/plano-contratar-ja\/","title":{"rendered":"Programa de Inclus\u00e3o"},"content":{"rendered":"<p>Atrav\u00e9s da elabora\u00e7\u00e3o do <strong>Programa de Inclus\u00e3o Profissional<\/strong>, nossa Equipe vai realizar as seguintes <strong>atividades de suporte ao RH<\/strong>:<\/p>\n<ul>\n<li>Visita presencial (ou reuni\u00e3o virtual) para identifica\u00e7\u00e3o de ambientes de trabalho, atividades laborais com consequente recomenda\u00e7\u00e3o de tipos de defici\u00eancias compat\u00edveis com a vaga, objetivando ganho em produtividade do colaborador;<\/li>\n<li>Fornecimento de cronograma de contrata\u00e7\u00e3o visando atender a Lei de Cotas;<\/li>\n<li>Atendimento presencial de suporte especializado na sede da Sua Empresa no dia das entrevistas &#8211; \u00a0Objetiva dar atendimento para ajustes de relacionamento com o Colaborador;<\/li>\n<li>Auxiliar na triagem de documentos para atender \u00e0 fiscaliza\u00e7\u00e3o &#8211; valida\u00e7\u00e3o dos c\u00f3digos CID que atendam \u00e0 Lei de Cotas;<\/li>\n<li>Acompanhamento presencial por ocasi\u00e3o do atendimento ao agente fiscalizador;<\/li>\n<\/ul>\n","protected":false},"excerpt":{"rendered":"<p>Atrav\u00e9s da elabora\u00e7\u00e3o do Programa de Inclus\u00e3o Profissional, nossa Equipe vai realizar as seguintes atividades de suporte ao RH: Visita presencial (ou reuni\u00e3o virtual) para identifica\u00e7\u00e3o de ambientes de trabalho, atividades laborais com consequente recomenda\u00e7\u00e3o de tipos de defici\u00eancias compat\u00edveis com a vaga, objetivando ganho em produtividade do colaborador; Fornecimento de cronograma de contrata\u00e7\u00e3o visando [&hellip;]<\/p>\n","protected":false},"author":1,"featured_media":0,"parent":0,"menu_order":0,"comment_status":"closed","ping_status":"closed","template":"","meta":{"_et_pb_use_builder":"","_et_pb_old_content":"","_et_gb_content_width":"","footnotes":""},"class_list":["post-159","page","type-page","status-publish","hentry"],"_links":{"self":[{"href":"https:\/\/www.portaldainclusao.org.br\/cms\/wp-json\/wp\/v2\/pages\/159","targetHints":{"allow":["GET"]}}],"collection":[{"href":"https:\/\/www.portaldainclusao.org.br\/cms\/wp-json\/wp\/v2\/pages"}],"about":[{"href":"https:\/\/www.portaldainclusao.org.br\/cms\/wp-json\/wp\/v2\/types\/page"}],"author":[{"embeddable":true,"href":"https:\/\/www.portaldainclusao.org.br\/cms\/wp-json\/wp\/v2\/users\/1"}],"replies":[{"embeddable":true,"href":"https:\/\/www.portaldainclusao.org.br\/cms\/wp-json\/wp\/v2\/comments?post=159"}],"version-history":[{"count":0,"href":"https:\/\/www.portaldainclusao.org.br\/cms\/wp-json\/wp\/v2\/pages\/159\/revisions"}],"wp:attachment":[{"href":"https:\/\/www.portaldainclusao.org.br\/cms\/wp-json\/wp\/v2\/media?parent=159"}],"curies":[{"name":"wp","href":"https:\/\/api.w.org\/{rel}","templated":true}]}}