{"id":145,"date":"2017-09-07T16:03:34","date_gmt":"2017-09-07T16:03:34","guid":{"rendered":"http:\/\/www.portaldainclusao.org.br\/cms\/?page_id=145"},"modified":"2017-09-11T19:29:50","modified_gmt":"2017-09-11T19:29:50","slug":"deficiencia-visual","status":"publish","type":"page","link":"https:\/\/www.portaldainclusao.org.br\/cms\/tipos-de-deficiencias\/deficiencia-visual\/","title":{"rendered":"DEFICI\u00caNCIA VISUAL"},"content":{"rendered":"<ul>\n<li>Cegueira: acuidade visual \u00e9 igual ou menor que 0,05 no melhor olho, com a melhor corre\u00e7\u00e3o \u00f3ptica;<\/li>\n<li>Baixa vis\u00e3o: acuidade visual entre 0,3 e 0,05 no melhor olho com a melhor corre\u00e7\u00e3o \u00f3ptica;<\/li>\n<li>Os casos nos quais a somat\u00f3ria da medida do campo visual em ambos os olhos for igual ou menor que 60o;<\/li>\n<li>Cegueira Monocular (um s\u00f3 olho);<\/li>\n<\/ul>\n<p>\u00c9 obrigat\u00f3rio anexar: Laudo oftalmol\u00f3gico e\/ou Campimetria com menos de 6 meses de realiza\u00e7\u00e3o.<\/p>\n<p>&nbsp;<\/p>\n","protected":false},"excerpt":{"rendered":"<p>Cegueira: acuidade visual \u00e9 igual ou menor que 0,05 no melhor olho, com a melhor corre\u00e7\u00e3o \u00f3ptica; Baixa vis\u00e3o: acuidade visual entre 0,3 e 0,05 no melhor olho com a melhor corre\u00e7\u00e3o \u00f3ptica; Os casos nos quais a somat\u00f3ria da medida do campo visual em ambos os olhos for igual ou menor que 60o; Cegueira [&hellip;]<\/p>\n","protected":false},"author":1,"featured_media":0,"parent":139,"menu_order":0,"comment_status":"closed","ping_status":"closed","template":"","meta":{"_et_pb_use_builder":"","_et_pb_old_content":"","_et_gb_content_width":"","footnotes":""},"class_list":["post-145","page","type-page","status-publish","hentry"],"_links":{"self":[{"href":"https:\/\/www.portaldainclusao.org.br\/cms\/wp-json\/wp\/v2\/pages\/145","targetHints":{"allow":["GET"]}}],"collection":[{"href":"https:\/\/www.portaldainclusao.org.br\/cms\/wp-json\/wp\/v2\/pages"}],"about":[{"href":"https:\/\/www.portaldainclusao.org.br\/cms\/wp-json\/wp\/v2\/types\/page"}],"author":[{"embeddable":true,"href":"https:\/\/www.portaldainclusao.org.br\/cms\/wp-json\/wp\/v2\/users\/1"}],"replies":[{"embeddable":true,"href":"https:\/\/www.portaldainclusao.org.br\/cms\/wp-json\/wp\/v2\/comments?post=145"}],"version-history":[{"count":0,"href":"https:\/\/www.portaldainclusao.org.br\/cms\/wp-json\/wp\/v2\/pages\/145\/revisions"}],"up":[{"embeddable":true,"href":"https:\/\/www.portaldainclusao.org.br\/cms\/wp-json\/wp\/v2\/pages\/139"}],"wp:attachment":[{"href":"https:\/\/www.portaldainclusao.org.br\/cms\/wp-json\/wp\/v2\/media?parent=145"}],"curies":[{"name":"wp","href":"https:\/\/api.w.org\/{rel}","templated":true}]}}