{"id":123,"date":"2017-09-07T15:51:07","date_gmt":"2017-09-07T15:51:07","guid":{"rendered":"http:\/\/www.portaldainclusao.org.br\/cms\/?page_id=123"},"modified":"2017-09-07T15:53:35","modified_gmt":"2017-09-07T15:53:35","slug":"curso-de-libras","status":"publish","type":"page","link":"https:\/\/www.portaldainclusao.org.br\/cms\/servicos\/curso-de-libras\/","title":{"rendered":"CURSO DE L\u00cdNGUA BRASILEIRA DE SINAIS &#8211; LIBRAS"},"content":{"rendered":"<p>As aulas s\u00e3o ministradas pela nossa equipe e um volunt\u00e1rio surdo, possibilitando que o aluno vivencie a experi\u00eancia do contato direto com a pessoa surda, facilitando assim o aprendizado. Al\u00e9m disso, acreditamos que os surdos, s\u00e3o as pessoas mais indicadas para interagir com os alunos de Libras. \u00c9 de suma import\u00e2ncia para a flu\u00eancia dos cursistas, a utiliza\u00e7\u00e3o de Libras em situa\u00e7\u00f5es contextualizadas, levando para a sala de aula situa\u00e7\u00f5es similar \u00e0s vivenciadas no dia a dia de cada institui\u00e7\u00e3o. Sendo assim, o conte\u00fado pr\u00e1tico de cada turma \u00e9 elaborado de acordo com a necessidade comunicativa da institui\u00e7\u00e3o.<\/p>\n","protected":false},"excerpt":{"rendered":"<p>As aulas s\u00e3o ministradas pela nossa equipe e um volunt\u00e1rio surdo, possibilitando que o aluno vivencie a experi\u00eancia do contato direto com a pessoa surda, facilitando assim o aprendizado. Al\u00e9m disso, acreditamos que os surdos, s\u00e3o as pessoas mais indicadas para interagir com os alunos de Libras. \u00c9 de suma import\u00e2ncia para a flu\u00eancia dos [&hellip;]<\/p>\n","protected":false},"author":1,"featured_media":0,"parent":112,"menu_order":0,"comment_status":"closed","ping_status":"closed","template":"","meta":{"_et_pb_use_builder":"","_et_pb_old_content":"","_et_gb_content_width":"","footnotes":""},"class_list":["post-123","page","type-page","status-publish","hentry"],"_links":{"self":[{"href":"https:\/\/www.portaldainclusao.org.br\/cms\/wp-json\/wp\/v2\/pages\/123","targetHints":{"allow":["GET"]}}],"collection":[{"href":"https:\/\/www.portaldainclusao.org.br\/cms\/wp-json\/wp\/v2\/pages"}],"about":[{"href":"https:\/\/www.portaldainclusao.org.br\/cms\/wp-json\/wp\/v2\/types\/page"}],"author":[{"embeddable":true,"href":"https:\/\/www.portaldainclusao.org.br\/cms\/wp-json\/wp\/v2\/users\/1"}],"replies":[{"embeddable":true,"href":"https:\/\/www.portaldainclusao.org.br\/cms\/wp-json\/wp\/v2\/comments?post=123"}],"version-history":[{"count":0,"href":"https:\/\/www.portaldainclusao.org.br\/cms\/wp-json\/wp\/v2\/pages\/123\/revisions"}],"up":[{"embeddable":true,"href":"https:\/\/www.portaldainclusao.org.br\/cms\/wp-json\/wp\/v2\/pages\/112"}],"wp:attachment":[{"href":"https:\/\/www.portaldainclusao.org.br\/cms\/wp-json\/wp\/v2\/media?parent=123"}],"curies":[{"name":"wp","href":"https:\/\/api.w.org\/{rel}","templated":true}]}}