{"id":117,"date":"2017-09-07T15:49:14","date_gmt":"2017-09-07T15:49:14","guid":{"rendered":"http:\/\/www.portaldainclusao.org.br\/cms\/?page_id=117"},"modified":"2017-09-07T15:54:03","modified_gmt":"2017-09-07T15:54:03","slug":"interprete-libras","status":"publish","type":"page","link":"https:\/\/www.portaldainclusao.org.br\/cms\/servicos\/interprete-libras\/","title":{"rendered":"INT\u00c9RPRETES DA L\u00cdNGUA BRASILEIRA DE SINAIS &#8211; LIBRAS"},"content":{"rendered":"<p>O atendimento desse profissional \u00e9 necess\u00e1rio sempre que houver uma pessoa surda presente ou participando de algum processo seletivo. Pois a acessibilidade para os surdos \u00e9 comunicacional e n\u00e3o arquitet\u00f4nica. Este profissional dever\u00e1 ser solicitado sempre que necess\u00e1rio, veja alguns exemplos:<\/p>\n<ul>\n<li>Congressos e semin\u00e1rios;<\/li>\n<li>Treinamentos\/Palestras\/Reuni\u00f5es;<\/li>\n<li>Treinamento de integra\u00e7\u00e3o e outros;<\/li>\n<li>Processo seletivo;<\/li>\n<li>Entrevistas, teste, exame m\u00e9dico, processo admissional e demissional;<\/li>\n<li>Orienta\u00e7\u00f5es no posto de trabalho nos primeiros dias;<\/li>\n<li>Plant\u00f5es.<\/li>\n<\/ul>\n<p>&nbsp;<\/p>\n","protected":false},"excerpt":{"rendered":"<p>O atendimento desse profissional \u00e9 necess\u00e1rio sempre que houver uma pessoa surda presente ou participando de algum processo seletivo. Pois a acessibilidade para os surdos \u00e9 comunicacional e n\u00e3o arquitet\u00f4nica. Este profissional dever\u00e1 ser solicitado sempre que necess\u00e1rio, veja alguns exemplos: Congressos e semin\u00e1rios; Treinamentos\/Palestras\/Reuni\u00f5es; Treinamento de integra\u00e7\u00e3o e outros; Processo seletivo; Entrevistas, teste, exame [&hellip;]<\/p>\n","protected":false},"author":1,"featured_media":0,"parent":112,"menu_order":0,"comment_status":"closed","ping_status":"closed","template":"","meta":{"_et_pb_use_builder":"","_et_pb_old_content":"","_et_gb_content_width":"","footnotes":""},"class_list":["post-117","page","type-page","status-publish","hentry"],"_links":{"self":[{"href":"https:\/\/www.portaldainclusao.org.br\/cms\/wp-json\/wp\/v2\/pages\/117","targetHints":{"allow":["GET"]}}],"collection":[{"href":"https:\/\/www.portaldainclusao.org.br\/cms\/wp-json\/wp\/v2\/pages"}],"about":[{"href":"https:\/\/www.portaldainclusao.org.br\/cms\/wp-json\/wp\/v2\/types\/page"}],"author":[{"embeddable":true,"href":"https:\/\/www.portaldainclusao.org.br\/cms\/wp-json\/wp\/v2\/users\/1"}],"replies":[{"embeddable":true,"href":"https:\/\/www.portaldainclusao.org.br\/cms\/wp-json\/wp\/v2\/comments?post=117"}],"version-history":[{"count":0,"href":"https:\/\/www.portaldainclusao.org.br\/cms\/wp-json\/wp\/v2\/pages\/117\/revisions"}],"up":[{"embeddable":true,"href":"https:\/\/www.portaldainclusao.org.br\/cms\/wp-json\/wp\/v2\/pages\/112"}],"wp:attachment":[{"href":"https:\/\/www.portaldainclusao.org.br\/cms\/wp-json\/wp\/v2\/media?parent=117"}],"curies":[{"name":"wp","href":"https:\/\/api.w.org\/{rel}","templated":true}]}}